{"id":2,"date":"2025-04-22T23:29:20","date_gmt":"2025-04-22T21:29:20","guid":{"rendered":"http:\/\/bezaiwp68.you2.pl\/?page_id=2"},"modified":"2026-03-04T14:27:44","modified_gmt":"2026-03-04T13:27:44","slug":"przykladowa-strona","status":"publish","type":"page","link":"https:\/\/it.rocksolids.pl\/","title":{"rendered":"IT RockSolids &#8211; Strona G\u0142\u00f3wna"},"content":{"rendered":"\t\t<div data-elementor-type=\"wp-page\" data-elementor-id=\"2\" class=\"elementor elementor-2\">\n\t\t\t\t<div class=\"elementor-element elementor-element-c01c0be e-con-full e-flex e-con e-parent\" data-id=\"c01c0be\" data-element_type=\"container\" data-e-type=\"container\">\n\t\t\t\t<div class=\"elementor-element elementor-element-c5696c1 elementor-widget__width-initial elementor-widget-mobile__width-initial animated-slow elementor-invisible elementor-widget elementor-widget-image\" data-id=\"c5696c1\" data-element_type=\"widget\" data-e-type=\"widget\" data-settings=\"{&quot;_animation&quot;:&quot;fadeInLeft&quot;}\" data-widget_type=\"image.default\">\n\t\t\t\t\t\t\t\t\t\t\t\t\t\t\t<img fetchpriority=\"high\" decoding=\"async\" width=\"768\" height=\"508\" src=\"http:\/\/it.rocksolids.pl\/wp-content\/uploads\/2026\/03\/Outsourcing-dzialu-IT-768x508.jpg\" class=\"attachment-medium_large size-medium_large wp-image-21\" alt=\"\" srcset=\"http:\/\/it.rocksolids.pl\/wp-content\/uploads\/2026\/03\/Outsourcing-dzialu-IT-768x508.jpg 768w, http:\/\/it.rocksolids.pl\/wp-content\/uploads\/2026\/03\/Outsourcing-dzialu-IT-300x199.jpg 300w, http:\/\/it.rocksolids.pl\/wp-content\/uploads\/2026\/03\/Outsourcing-dzialu-IT.jpg 807w\" sizes=\"(max-width: 768px) 100vw, 768px\" \/>\t\t\t\t\t\t\t\t\t\t\t\t\t\t\t<\/div>\n\t\t\t\t<div class=\"elementor-element elementor-element-fa3de7f elementor-widget__width-initial elementor-widget-mobile__width-initial animated-slow elementor-invisible elementor-widget elementor-widget-text-editor\" data-id=\"fa3de7f\" data-element_type=\"widget\" data-e-type=\"widget\" data-settings=\"{&quot;_animation&quot;:&quot;fadeInRight&quot;}\" data-widget_type=\"text-editor.default\">\n\t\t\t\t\t\t\t\t\t<p><a href=\"https:\/\/it.rocksolids.pl\"><strong>IT RockSolids<\/strong><\/a> to od\u0142am firmy <a href=\"https:\/\/globgranit.pl\"><strong>Globgranit<\/strong><\/a> zajmuj\u0105c\u0105 si\u0119 kamieniarstwem. <a href=\"https:\/\/it.rocksolids.pl\"><strong>IT RockSolids<\/strong><\/a> to firma kt\u00f3ra oferuje pomoc technologiczn\u0105 m.i.n. :<\/p><ul><li>Drobne naprawy np. komputery, laptopy, drukarki, ekspresy do kawy<\/li><li>Projektowanie stron internetowych<\/li><li>Projektowanie wzor\u00f3w na wyroby kamieniarskie<\/li><li>Projektowanie logotyp\u00f3w<\/li><li>Konserwacja (czyszczenie kurzy, wymiana cz\u0119\u015bci eksploatacyjnych)<\/li><li>Monta\u017c i zakup podzespo\u0142\u00f3w komputerowych<\/li><li>Stawianie serwer\u00f3w.<\/li><\/ul>\t\t\t\t\t\t\t\t<\/div>\n\t\t\t\t<\/div>\n\t\t<div class=\"elementor-element elementor-element-464852b e-con-full e-flex e-con e-parent\" data-id=\"464852b\" data-element_type=\"container\" data-e-type=\"container\">\n\t\t\t\t<div class=\"elementor-element elementor-element-63f70e8 elementor-widget elementor-widget-spacer\" data-id=\"63f70e8\" data-element_type=\"widget\" data-e-type=\"widget\" data-widget_type=\"spacer.default\">\n\t\t\t\t\t\t\t<div class=\"elementor-spacer\">\n\t\t\t<div class=\"elementor-spacer-inner\"><\/div>\n\t\t<\/div>\n\t\t\t\t\t\t<\/div>\n\t\t\t\t<div class=\"elementor-element elementor-element-f32be88 animated-slow elementor-invisible elementor-widget elementor-widget-heading\" data-id=\"f32be88\" data-element_type=\"widget\" data-e-type=\"widget\" data-settings=\"{&quot;_animation&quot;:&quot;slideInUp&quot;}\" data-widget_type=\"heading.default\">\n\t\t\t\t\t<h2 class=\"elementor-heading-title elementor-size-default\">Wybierz swojego profesjonalist\u0119 !<\/h2>\t\t\t\t<\/div>\n\t\t\t\t<\/div>\n\t\t<div class=\"elementor-element elementor-element-ceceb3e e-flex e-con-boxed e-con e-parent\" data-id=\"ceceb3e\" data-element_type=\"container\" data-e-type=\"container\">\n\t\t\t\t\t<div class=\"e-con-inner\">\n\t\t\t\t<div class=\"elementor-element elementor-element-3d4f913 elementor-widget__width-initial elementor-widget-mobile__width-initial animated-slow elementor-invisible elementor-widget elementor-widget-image\" data-id=\"3d4f913\" data-element_type=\"widget\" data-e-type=\"widget\" data-settings=\"{&quot;_animation&quot;:&quot;zoomInLeft&quot;}\" data-widget_type=\"image.default\">\n\t\t\t\t\t\t\t\t\t\t\t\t\t\t\t<img decoding=\"async\" width=\"249\" height=\"180\" src=\"http:\/\/it.rocksolids.pl\/wp-content\/uploads\/2026\/03\/pobierz.webp\" class=\"attachment-medium_large size-medium_large wp-image-313\" alt=\"\" \/>\t\t\t\t\t\t\t\t\t\t\t\t\t\t\t<\/div>\n\t\t\t\t<div class=\"elementor-element elementor-element-1730692 elementor-widget__width-initial elementor-widget-mobile__width-initial animated-slow elementor-invisible elementor-widget elementor-widget-text-editor\" data-id=\"1730692\" data-element_type=\"widget\" data-e-type=\"widget\" data-settings=\"{&quot;_animation&quot;:&quot;zoomInRight&quot;}\" data-widget_type=\"text-editor.default\">\n\t\t\t\t\t\t\t\t\t<p><strong>Mr. Bikini<\/strong> &#8211; M\u0142ody pi\u0119kny utalentowany monter, mi\u0142o\u015bnik jab\u0142ek i sztuk pi\u0119kna. Ekspert od sieci internetowych, monta\u017cu oraz eksploatacji urz\u0105dze\u0144 techniki komputerowej.\u00a0<\/p>\t\t\t\t\t\t\t\t<\/div>\n\t\t\t\t\t<\/div>\n\t\t\t\t<\/div>\n\t\t<div class=\"elementor-element elementor-element-a48e3ec e-flex e-con-boxed e-con e-parent\" data-id=\"a48e3ec\" data-element_type=\"container\" data-e-type=\"container\">\n\t\t\t\t\t<div class=\"e-con-inner\">\n\t\t\t\t<div class=\"elementor-element elementor-element-c048049 elementor-widget__width-initial elementor-widget-mobile__width-initial animated-slow elementor-invisible elementor-widget elementor-widget-image\" data-id=\"c048049\" data-element_type=\"widget\" data-e-type=\"widget\" data-settings=\"{&quot;_animation&quot;:&quot;zoomInLeft&quot;}\" data-widget_type=\"image.default\">\n\t\t\t\t\t\t\t\t\t\t\t\t\t\t\t<img decoding=\"async\" width=\"768\" height=\"480\" src=\"http:\/\/it.rocksolids.pl\/wp-content\/uploads\/2026\/03\/131645_przystojny_mezczyzna_blekitne_oczy_karabin-768x480.jpg\" class=\"attachment-medium_large size-medium_large wp-image-34\" alt=\"\" srcset=\"http:\/\/it.rocksolids.pl\/wp-content\/uploads\/2026\/03\/131645_przystojny_mezczyzna_blekitne_oczy_karabin-768x480.jpg 768w, http:\/\/it.rocksolids.pl\/wp-content\/uploads\/2026\/03\/131645_przystojny_mezczyzna_blekitne_oczy_karabin-300x188.jpg 300w, http:\/\/it.rocksolids.pl\/wp-content\/uploads\/2026\/03\/131645_przystojny_mezczyzna_blekitne_oczy_karabin-1024x640.jpg 1024w, http:\/\/it.rocksolids.pl\/wp-content\/uploads\/2026\/03\/131645_przystojny_mezczyzna_blekitne_oczy_karabin-1536x960.jpg 1536w, http:\/\/it.rocksolids.pl\/wp-content\/uploads\/2026\/03\/131645_przystojny_mezczyzna_blekitne_oczy_karabin.jpg 1920w\" sizes=\"(max-width: 768px) 100vw, 768px\" \/>\t\t\t\t\t\t\t\t\t\t\t\t\t\t\t<\/div>\n\t\t\t\t<div class=\"elementor-element elementor-element-aa8f06d elementor-widget__width-initial elementor-widget-mobile__width-initial animated-slow elementor-invisible elementor-widget elementor-widget-text-editor\" data-id=\"aa8f06d\" data-element_type=\"widget\" data-e-type=\"widget\" data-settings=\"{&quot;_animation&quot;:&quot;zoomInRight&quot;}\" data-widget_type=\"text-editor.default\">\n\t\t\t\t\t\t\t\t\t<p><strong>Mr. Romanian Guy<\/strong> &#8211; Przyjaciel wszystkich zwolennik\u00f3w WordPressa oraz Elementora jak i r\u00f3wnie\u017c nie przesadzania z ilo\u015bci\u0105 wtyczek. Projektant stron internetowych, logotyp\u00f3w oraz projekt\u00f3w na wyroby kamieniarskie kr\u00f3cej m\u00f3wi\u0105c grafik najwy\u017cszej klasy.<\/p>\t\t\t\t\t\t\t\t<\/div>\n\t\t\t\t\t<\/div>\n\t\t\t\t<\/div>\n\t\t<div class=\"elementor-element elementor-element-9873b59 e-flex e-con-boxed e-con e-parent\" data-id=\"9873b59\" data-element_type=\"container\" data-e-type=\"container\">\n\t\t\t\t\t<div class=\"e-con-inner\">\n\t\t\t\t<div class=\"elementor-element elementor-element-58c8cba elementor-widget__width-initial elementor-widget-mobile__width-initial animated-slow elementor-invisible elementor-widget elementor-widget-image\" data-id=\"58c8cba\" data-element_type=\"widget\" data-e-type=\"widget\" data-settings=\"{&quot;_animation&quot;:&quot;zoomInLeft&quot;}\" data-widget_type=\"image.default\">\n\t\t\t\t\t\t\t\t\t\t\t\t\t\t\t<img loading=\"lazy\" decoding=\"async\" width=\"768\" height=\"403\" src=\"http:\/\/it.rocksolids.pl\/wp-content\/uploads\/2026\/03\/kiedy-zrywac-jablka-1-1200x629-1-768x403.jpg\" class=\"attachment-medium_large size-medium_large wp-image-35\" alt=\"\" srcset=\"http:\/\/it.rocksolids.pl\/wp-content\/uploads\/2026\/03\/kiedy-zrywac-jablka-1-1200x629-1-768x403.jpg 768w, http:\/\/it.rocksolids.pl\/wp-content\/uploads\/2026\/03\/kiedy-zrywac-jablka-1-1200x629-1-300x157.jpg 300w, http:\/\/it.rocksolids.pl\/wp-content\/uploads\/2026\/03\/kiedy-zrywac-jablka-1-1200x629-1-1024x537.jpg 1024w, http:\/\/it.rocksolids.pl\/wp-content\/uploads\/2026\/03\/kiedy-zrywac-jablka-1-1200x629-1.jpg 1200w\" sizes=\"(max-width: 768px) 100vw, 768px\" \/>\t\t\t\t\t\t\t\t\t\t\t\t\t\t\t<\/div>\n\t\t\t\t<div class=\"elementor-element elementor-element-cbbcf53 elementor-widget__width-initial elementor-widget-mobile__width-initial animated-slow elementor-invisible elementor-widget elementor-widget-text-editor\" data-id=\"cbbcf53\" data-element_type=\"widget\" data-e-type=\"widget\" data-settings=\"{&quot;_animation&quot;:&quot;fadeInRight&quot;}\" data-widget_type=\"text-editor.default\">\n\t\t\t\t\t\t\t\t\t<p><strong>Mr. Bikini<\/strong> &#8211; M\u0142ody pi\u0119kny utalentowany monter, mi\u0142o\u015bnik jab\u0142ek i sztuk pi\u0119kna. Ekspert od sieci internetowych, monta\u017cu oraz eksploatacji urz\u0105dze\u0144 techniki komputerowej.<\/p>\t\t\t\t\t\t\t\t<\/div>\n\t\t\t\t\t<\/div>\n\t\t\t\t<\/div>\n\t\t\t\t<\/div>\n\t\t","protected":false},"excerpt":{"rendered":"<p>IT RockSolids to od\u0142am firmy Globgranit zajmuj\u0105c\u0105 si\u0119 kamieniarstwem. IT RockSolids to firma kt\u00f3ra oferuje pomoc technologiczn\u0105 m.i.n. : Drobne naprawy np. komputery, laptopy, drukarki, ekspresy do kawy Projektowanie stron internetowych Projektowanie wzor\u00f3w na wyroby kamieniarskie Projektowanie logotyp\u00f3w Konserwacja (czyszczenie kurzy, wymiana cz\u0119\u015bci eksploatacyjnych) Monta\u017c i zakup podzespo\u0142\u00f3w komputerowych Stawianie serwer\u00f3w. Wybierz swojego profesjonalist\u0119 ! [&hellip;]<\/p>\n","protected":false},"author":1,"featured_media":0,"parent":0,"menu_order":0,"comment_status":"closed","ping_status":"open","template":"","meta":{"footnotes":""},"class_list":["post-2","page","type-page","status-publish","hentry"],"_links":{"self":[{"href":"https:\/\/it.rocksolids.pl\/index.php\/wp-json\/wp\/v2\/pages\/2","targetHints":{"allow":["GET"]}}],"collection":[{"href":"https:\/\/it.rocksolids.pl\/index.php\/wp-json\/wp\/v2\/pages"}],"about":[{"href":"https:\/\/it.rocksolids.pl\/index.php\/wp-json\/wp\/v2\/types\/page"}],"author":[{"embeddable":true,"href":"https:\/\/it.rocksolids.pl\/index.php\/wp-json\/wp\/v2\/users\/1"}],"replies":[{"embeddable":true,"href":"https:\/\/it.rocksolids.pl\/index.php\/wp-json\/wp\/v2\/comments?post=2"}],"version-history":[{"count":146,"href":"https:\/\/it.rocksolids.pl\/index.php\/wp-json\/wp\/v2\/pages\/2\/revisions"}],"predecessor-version":[{"id":508,"href":"https:\/\/it.rocksolids.pl\/index.php\/wp-json\/wp\/v2\/pages\/2\/revisions\/508"}],"wp:attachment":[{"href":"https:\/\/it.rocksolids.pl\/index.php\/wp-json\/wp\/v2\/media?parent=2"}],"curies":[{"name":"wp","href":"https:\/\/api.w.org\/{rel}","templated":true}]}}